{"id":205,"date":"2019-03-20T16:03:31","date_gmt":"2019-03-20T16:03:31","guid":{"rendered":"http:\/\/atelier-foto.ro\/blog\/?page_id=205"},"modified":"2019-03-21T08:42:23","modified_gmt":"2019-03-21T08:42:23","slug":"termeni-si-conditii","status":"publish","type":"page","link":"https:\/\/atelier-foto.ro\/blog\/termeni-si-conditii\/","title":{"rendered":"Termeni si conditii"},"content":{"rendered":"<h1><\/h1>\n<p>Ca orice comunitate care se guverneaz\u0103 dup\u0103 anumite reguli, utilizatorii acestui site trebuie s\u0103 respecte regulile comunit\u0103\u0163ii unde ajung \u015fi nu cele ale comunit\u0103\u0163ii de unde sosesc. Astfel, ne a\u015ftept\u0103m ca vizitatorii site-ului nostru s\u0103 respecte regulile comunit\u0103\u0163ii Photo Art Design SRL denumit\u0103 \u00een continuare Photo Art Design SRL.<\/p>\n<p>Photo Art Design SRL este o societate organizat\u0103 \u0219i care func\u021bioneaz\u0103 \u00een conformitate cu legile din Rom\u00e2nia, cu sediul \u00een Bucuresti Sectorul 6, Al. Callatis, nr 1, bl A14A, sc. B, et.1, ap. 2, \u00eenregistrat\u0103 la Registrul Comer\u021bului sub nr. J40\/11317\/2016, cod unic de \u00eenregistrare 36460867.<\/p>\n<p>Site-ul https:\/\/atelier-foto.ro\/ este administrat de Photo Art Design SRL si are ca scop promovarea serviciilor oferite de firma noastr\u0103.<br \/>\nPrin utilizarea acestui website se consider\u0103 c\u0103 accepta\u0163i \u00een mod automat termenii \u015fi condi\u0163iile prezentate pe aceast\u0103 pagin\u0103 cat si cu conditiile de\u00a0<a href=\"http:\/\/atelier-foto.ro\/blog\/prelucrarea-datelor-cu-caracter-personal\/\">Prelucrare a datelor cu caracter personal\u00a0<\/a>si\u00a0<a href=\"http:\/\/atelier-foto.ro\/blog\/utilizare-cookie\/\">Politica de utilizare Cookie<\/a>. \u00cen caz contrar, este dreptul dumneavoastr\u0103 de a \u00eenceta navigarea paginilor de Internet de la adresa https:\/\/atelier-foto.ro\/.<\/p>\n<p>Orice vizitator foloseste site-ul pe raspundere proprie iar termenii \u015fi condi\u0163iile sunt aplicabile pentru orice site de\u0163inut de Photo Art Design SRL.<\/p>\n<ol>\n<li>Drepturi de autor. Toate materialele prezentate pe acest site sunt proprietatea Photo Art Design SRL \u015fi nu pot fi copiate, reproduse, modificate, transmise, distribuite, vandute sau folosite \u00een scop comercial f\u0103r\u0103 acordul scris, \u00een prealabil, al Photo Art Design SRL. Utilizatorii au dreptul de a distrubui con\u0163inut pe re\u0163ele sociale sau alte site-uri \u00een scopul recomand\u0103rii sau promovarii web site-ului, f\u0103r\u0103 a altera con\u0163inutul, prin link-uri catre paginile site-ului nostru. Totu\u015fi, dac\u0103 contextul \u00een care sunt f\u0103cute aceste direc\u0163ion\u0103ri contravine politicilor Photo Art Design SRL sau aduc un prejudiciu imaginii Photo Art Design SRL, ne rezerv\u0103m dreptul de a solicita eliminarea linkurilor respective, iar utilizatorul are obligatia de a \u015fterge linkurile respective \u00een termen de 48 de ore de la solicitare.<\/li>\n<li>Pre\u0163urile afisate pe acest site pot fi modificate fara o anun\u0163are prealabil\u0103 a utilizatorilor. Pre\u0163urile nu sunt cu titlu de ofert\u0103 garantat\u0103 \u015fi nelimitat\u0103 \u00een timp.<\/li>\n<li>Informa\u0163iile, comentariile \u015fi comunicatele de pe Photo Art Design SRL nu constituie consultan\u0163\u0103 pentru investi\u0163ii, recomand\u0103ri de tranzactii sau oferte de vanzare concrete \u015fi pot fi retrase sau modificate f\u0103r\u0103 notificare \u00een prealabil.<\/li>\n<li>Pre\u0163urile serviciilor sunt \u00eenso\u0163ite de anumite specifica\u0163ii. \u00cen cazul \u00een care utilizatorul are nevoie de servicii cu alte specifica\u0163ii, Photo Art Design SRL poate solicita sau nu un pre\u0163 diferit dec\u00e2t cel afi\u015fat pe acest site.<\/li>\n<li>Photo Art Design SRL nu r\u0103spunde de con\u0163inutul grafic sau contextual al site-urilor din portofoliu sau site-urilor partenere. Site-urile din portofoliu pot fi modificate, \u015fterse ori \u00eenlocuite f\u0103r\u0103 notificare \u015fi nu vor reprezenta \u00een toate cazurile calitatea lucrarilor Photo Art Design SRL.<\/li>\n<li>Photo Art Design SRL are dreptul de a refuza cereri care contravin politicii companiei sau legisla\u0163iei \u00een vigoare. Serviciile \u015fi pre\u0163urile afi\u015fate nu sunt cu titlu de garan\u0163ie pentru orice cerere venita din partea utilizatorilor.<\/li>\n<li>Photo Art Design SRL nu este responsabil, \u00een nici un caz, pentru daune care ar putea rezulta din erori sau lipsa de acuratete a unor materiale de pe acest website.<\/li>\n<li>Informa\u0163iile pe care utilizatorul le furnizeaz\u0103, fie ele informa\u0163ii explicite sau informa\u0163ii cu caracter statistic, se supun regulilor de\u00a0<a href=\"http:\/\/atelier-foto.ro\/blog\/prelucrarea-datelor-cu-caracter-personal\/\">confiden\u0163ialitate<\/a>.<\/li>\n<li>Photo Art Design SRL nu poate fi f\u0103cut r\u0103spunz\u0103tor pentru eventualele gre\u015feli ap\u0103rute pe site sau pentru orice daune care ar putea ap\u0103rea de pe urma acestora. \u00cen orice caz, semnalarea lor este foarte apreciat\u0103 de echipa Photo Art Design SRL.<\/li>\n<li>Pre\u0163urile afi\u015fate pe https:\/\/atelier-foto.ro sunt afi\u015fate \u00een Lei, contin TVA \u015fi pot fi modificate f\u0103r\u0103 notificare \u00een prealabil. De asemenea, Photo Art Design SRL i\u015fi rezerv\u0103 dreptul de a modifica disponibilitatea sau structura pachetelor de servicii f\u0103ra notific\u0103ri \u00een prealabil.<\/li>\n<li>Photo Art Design SRL nu poate garanta c\u0103 mesajele trimise catre Photo Art Design SRL vor fi primite \u00een forma ini\u0163ial\u0103 sau ca mesajul va ramane confiden\u0163ial \u00een timpul transmiterii.<\/li>\n<li>Politica de confiden\u0163ialitate. V\u0103 rug\u0103m s\u0103 accesa\u0163i \u015fi s\u0103 citi\u0163i \u015fi sec\u0163iunea\u00a0<a href=\"http:\/\/atelier-foto.ro\/blog\/prelucrarea-datelor-cu-caracter-personal\/\">Politica de confiden\u0163ialitate<\/a>deoarece se aplic\u0103 vizitei pe acest site.<\/li>\n<li>Site-ul con\u0163ine link-uri catre alte site-uri. Photo Art Design SRL nu este r\u0103spunz\u0103tor pentru con\u0163inutul acestor site-uri, \u00een cazul \u00een care acele site-uri nu func\u0163ioneaz\u0103 corect ori sunt \u00eenc\u0103rcate de\u00a0<em>malware<\/em>. \u00cen orice caz, semnalarea acestor situa\u0163ii este foarte apreciat\u0103 de echipa Photo Art Design SRL.<\/li>\n<li>Denumirea Photo Art Design SRL si Atelier Foto este marc\u0103 \u00eenregistrat\u0103 al Photo Art Design SRL. Folosirea f\u0103r\u0103 drept sau acord scris a tuturor materialelor Photo Art Design SRL este strict interzis\u0103.<\/li>\n<\/ol>\n<p>Ultima actualizare: 01.03.2019<\/p>\n<p>&nbsp;<\/p>\n<p><a href=\"http:\/\/atelier-foto.ro\/blog\/termeni-si-conditii\/\"><strong>Termeni si conditii de utilizare<\/strong><\/a><strong>\u00a0\/\u00a0<\/strong><a href=\"http:\/\/atelier-foto.ro\/blog\/prelucrarea-datelor-cu-caracter-personal\/\"><strong>Prelucrarea datelor cu caracter personal<\/strong><\/a><strong>\u00a0\/\u00a0<\/strong><a href=\"http:\/\/atelier-foto.ro\/blog\/utilizare-cookie\/\"><strong>Politica de utilizare Cookie<\/strong><\/a><\/p>\n<p>&nbsp;<\/p>\n","protected":false},"excerpt":{"rendered":"<p>Ca orice comunitate care se guverneaz\u0103 dup\u0103 anumite reguli, utilizatorii acestui site trebuie s\u0103 respecte regulile comunit\u0103\u0163ii unde ajung \u015fi nu cele ale comunit\u0103\u0163ii de unde sosesc. Astfel, ne a\u015ftept\u0103m ca vizitatorii site-ului nostru s\u0103 respecte regulile comunit\u0103\u0163ii Photo Art [&hellip;]<\/p>\n","protected":false},"author":2,"featured_media":0,"parent":0,"menu_order":0,"comment_status":"closed","ping_status":"closed","template":"","meta":[],"_links":{"self":[{"href":"https:\/\/atelier-foto.ro\/blog\/wp-json\/wp\/v2\/pages\/205"}],"collection":[{"href":"https:\/\/atelier-foto.ro\/blog\/wp-json\/wp\/v2\/pages"}],"about":[{"href":"https:\/\/atelier-foto.ro\/blog\/wp-json\/wp\/v2\/types\/page"}],"author":[{"embeddable":true,"href":"https:\/\/atelier-foto.ro\/blog\/wp-json\/wp\/v2\/users\/2"}],"replies":[{"embeddable":true,"href":"https:\/\/atelier-foto.ro\/blog\/wp-json\/wp\/v2\/comments?post=205"}],"version-history":[{"count":5,"href":"https:\/\/atelier-foto.ro\/blog\/wp-json\/wp\/v2\/pages\/205\/revisions"}],"predecessor-version":[{"id":220,"href":"https:\/\/atelier-foto.ro\/blog\/wp-json\/wp\/v2\/pages\/205\/revisions\/220"}],"wp:attachment":[{"href":"https:\/\/atelier-foto.ro\/blog\/wp-json\/wp\/v2\/media?parent=205"}],"curies":[{"name":"wp","href":"https:\/\/api.w.org\/{rel}","templated":true}]}}